{"id":67,"date":"2018-10-08T07:05:52","date_gmt":"2018-10-08T07:05:52","guid":{"rendered":"http:\/\/website1.pstbte.de\/?page_id=67"},"modified":"2022-04-12T12:15:47","modified_gmt":"2022-04-12T12:15:47","slug":"impressum","status":"publish","type":"page","link":"http:\/\/gartenpartner.org\/index.php\/impressum\/","title":{"rendered":"Impressum"},"content":{"rendered":"<h3>Betreiber<\/h3>\n<p>Michael von Groddeck<br \/>\nMeister im Garten- und Landschaftsbau<\/p>\n<p>Rehwinkelstra\u00dfe 8a<br \/>\n29221 Celle<\/p>\n<p>Telefon: 0163 \/ 082 56 65<\/p>\n<p>E-Mail:\u00a0post@gartenpartner.org<br \/>\nSteuernummer: 17\/115\/19267<\/p>\n<h2>Haftung<\/h2>\n<p>Die Angaben auf dieser Website erfolgen nur zu allgemeinen Informationszwecken. Ich habe die Angaben sorgf\u00e4ltig gepr\u00fcft, \u00fcbernehme jedoch keinerlei Gew\u00e4hr f\u00fcr die Richtigkeit, Vollst\u00e4ndigkeit und Aktualit\u00e4t der angebotenen Informationen.<\/p>\n<p>Jede \u00dcbernahme und Verwertung von Inhalten dieser Website bedarf der vorherigen schriftlichen Zustimmung von Michael von Groddeck.<\/p>\n<p>&nbsp;<\/p>\n","protected":false},"excerpt":{"rendered":"<p>Betreiber Michael von Groddeck Meister im Garten- und Landschaftsbau Rehwinkelstra\u00dfe 8a 29221 Celle Telefon: 0163 \/ 082 56 65 E-Mail:\u00a0post@gartenpartner.org Steuernummer: 17\/115\/19267 Haftung Die Angaben auf dieser Website erfolgen nur zu allgemeinen Informationszwecken. Ich habe die Angaben sorgf\u00e4ltig gepr\u00fcft, \u00fcbernehme jedoch keinerlei Gew\u00e4hr f\u00fcr die Richtigkeit, Vollst\u00e4ndigkeit und Aktualit\u00e4t der angebotenen Informationen. Jede \u00dcbernahme und &hellip; <\/p>\n<p class=\"link-more\"><a href=\"http:\/\/gartenpartner.org\/index.php\/impressum\/\" class=\"more-link\">Continue reading<span class=\"screen-reader-text\"> &#8220;Impressum&#8221;<\/span><\/a><\/p>\n","protected":false},"author":1,"featured_media":0,"parent":0,"menu_order":0,"comment_status":"closed","ping_status":"closed","template":"","meta":{"footnotes":""},"_links":{"self":[{"href":"http:\/\/gartenpartner.org\/index.php\/wp-json\/wp\/v2\/pages\/67"}],"collection":[{"href":"http:\/\/gartenpartner.org\/index.php\/wp-json\/wp\/v2\/pages"}],"about":[{"href":"http:\/\/gartenpartner.org\/index.php\/wp-json\/wp\/v2\/types\/page"}],"author":[{"embeddable":true,"href":"http:\/\/gartenpartner.org\/index.php\/wp-json\/wp\/v2\/users\/1"}],"replies":[{"embeddable":true,"href":"http:\/\/gartenpartner.org\/index.php\/wp-json\/wp\/v2\/comments?post=67"}],"version-history":[{"count":8,"href":"http:\/\/gartenpartner.org\/index.php\/wp-json\/wp\/v2\/pages\/67\/revisions"}],"predecessor-version":[{"id":394,"href":"http:\/\/gartenpartner.org\/index.php\/wp-json\/wp\/v2\/pages\/67\/revisions\/394"}],"wp:attachment":[{"href":"http:\/\/gartenpartner.org\/index.php\/wp-json\/wp\/v2\/media?parent=67"}],"curies":[{"name":"wp","href":"https:\/\/api.w.org\/{rel}","templated":true}]}}