{"id":5,"date":"2018-10-05T09:10:01","date_gmt":"2018-10-05T09:10:01","guid":{"rendered":"http:\/\/website1.pstbte.de\/?page_id=5"},"modified":"2022-12-05T18:37:04","modified_gmt":"2022-12-05T18:37:04","slug":"home","status":"publish","type":"page","link":"http:\/\/gartenpartner.org\/","title":{"rendered":"Home"},"content":{"rendered":"<h3>Ich biete alles, was f\u00fcr die Gestaltung Ihres Gartens wichtig ist.<\/h3>\n<h3>Als Meister mit \u00fcber 40 Jahre Erfahrung im Garten- und Landschaftsbau bin ich f\u00fcr Sie da.<\/h3>\n<h3><img loading=\"lazy\" decoding=\"async\" class=\"alignleft size-thumbnail wp-image-97\" src=\"http:\/\/gartenpartner.org\/wp-content\/uploads\/2018\/10\/Logo-Groddeck-2-150x150.jpg\" alt=\"\" width=\"150\" height=\"150\" srcset=\"http:\/\/gartenpartner.org\/wp-content\/uploads\/2018\/10\/Logo-Groddeck-2-150x150.jpg 150w, http:\/\/gartenpartner.org\/wp-content\/uploads\/2018\/10\/Logo-Groddeck-2-300x300.jpg 300w, http:\/\/gartenpartner.org\/wp-content\/uploads\/2018\/10\/Logo-Groddeck-2-768x768.jpg 768w, http:\/\/gartenpartner.org\/wp-content\/uploads\/2018\/10\/Logo-Groddeck-2-1024x1024.jpg 1024w, http:\/\/gartenpartner.org\/wp-content\/uploads\/2018\/10\/Logo-Groddeck-2-100x100.jpg 100w\" sizes=\"(max-width: 150px) 100vw, 150px\" \/><\/h3>\n","protected":false},"excerpt":{"rendered":"<p>Ich biete alles, was f\u00fcr die Gestaltung Ihres Gartens wichtig ist. Als Meister mit \u00fcber 40 Jahre Erfahrung im Garten- und Landschaftsbau bin ich f\u00fcr Sie da.<\/p>\n","protected":false},"author":1,"featured_media":0,"parent":0,"menu_order":0,"comment_status":"closed","ping_status":"closed","template":"","meta":{"footnotes":""},"_links":{"self":[{"href":"http:\/\/gartenpartner.org\/index.php\/wp-json\/wp\/v2\/pages\/5"}],"collection":[{"href":"http:\/\/gartenpartner.org\/index.php\/wp-json\/wp\/v2\/pages"}],"about":[{"href":"http:\/\/gartenpartner.org\/index.php\/wp-json\/wp\/v2\/types\/page"}],"author":[{"embeddable":true,"href":"http:\/\/gartenpartner.org\/index.php\/wp-json\/wp\/v2\/users\/1"}],"replies":[{"embeddable":true,"href":"http:\/\/gartenpartner.org\/index.php\/wp-json\/wp\/v2\/comments?post=5"}],"version-history":[{"count":10,"href":"http:\/\/gartenpartner.org\/index.php\/wp-json\/wp\/v2\/pages\/5\/revisions"}],"predecessor-version":[{"id":429,"href":"http:\/\/gartenpartner.org\/index.php\/wp-json\/wp\/v2\/pages\/5\/revisions\/429"}],"wp:attachment":[{"href":"http:\/\/gartenpartner.org\/index.php\/wp-json\/wp\/v2\/media?parent=5"}],"curies":[{"name":"wp","href":"https:\/\/api.w.org\/{rel}","templated":true}]}}