{"id":399,"date":"2022-12-04T10:08:43","date_gmt":"2022-12-04T10:08:43","guid":{"rendered":"http:\/\/gartenpartner.org\/?page_id=399"},"modified":"2023-01-21T10:09:06","modified_gmt":"2023-01-21T10:09:06","slug":"gartentipps","status":"publish","type":"page","link":"http:\/\/gartenpartner.org\/index.php\/gartentipps\/","title":{"rendered":"Gartentipps vom Gartenpartner"},"content":{"rendered":"\n<h2 class=\"wp-block-heading\">Hier gibt es ab sofort wertvolle und praxisnahe Tipps f\u00fcr Garten und Terrasse vom Meister f\u00fcr Garten- und Landschaftsbau Michael von Groddeck<\/h2>\n\n\n\n<figure class=\"wp-block-image size-full\"><img loading=\"lazy\" decoding=\"async\" width=\"960\" height=\"720\" src=\"http:\/\/gartenpartner.org\/wp-content\/uploads\/2023\/01\/C58F2162-0868-4161-A056-0F9F6C73A381.jpeg\" alt=\"\" class=\"wp-image-434\" srcset=\"http:\/\/gartenpartner.org\/wp-content\/uploads\/2023\/01\/C58F2162-0868-4161-A056-0F9F6C73A381.jpeg 960w, http:\/\/gartenpartner.org\/wp-content\/uploads\/2023\/01\/C58F2162-0868-4161-A056-0F9F6C73A381-300x225.jpeg 300w, http:\/\/gartenpartner.org\/wp-content\/uploads\/2023\/01\/C58F2162-0868-4161-A056-0F9F6C73A381-768x576.jpeg 768w\" sizes=\"(max-width: 706px) 89vw, (max-width: 767px) 82vw, 740px\" \/><figcaption class=\"wp-element-caption\"><strong>Januar 2023: W\u00e4ssern im Winter<\/strong><\/figcaption><\/figure>\n\n\n\n<p>Auch im Winter ben\u00f6tigen immergr\u00fcne Pflanzen Wasser, da diese auch in der kalten Jahreszeit Stoffwechsel haben. Diese Assimilation ben\u00f6tigt Wasser &#8211; und das eben auch im Winter. Habe sie es nicht ausreichend zu Verf\u00fcgung, k\u00f6nnen die Pflanzen vertrocknen.<\/p>\n\n\n\n<p><br>Vor allem Rhododendren, Kirschlorbeer, Bambus, Eiben, Stechpalmen und alle anderen im Winter gr\u00fcnen Pflanzen erfordern ausreichendes Gie\u00dfen. Allerdings k\u00f6nnen sie das Wasser nur bei Temperaturen \u00fcber dem Gefrierpunkt aufnehmen. Deshalb ist es besonders wichtig, die Wassergaben vor der Frostperiode zu geben, denn gerade der Frost und die oft damit verbundene trockene Luft zieht den Pflanzen das Wasser regelrecht aus den Bl\u00e4ttern. Das Geh\u00f6lz sch\u00fctzt sich oft dagegen, indem es die Bl\u00e4tter zusammenrollt, um somit die Oberfl\u00e4che, \u00fcber die die Feuchtigkeit verdunstet, zu verkleinern.<\/p>\n\n\n\n<p>Also bedenken Sie: wenn die immergr\u00fcnen Pflanzen den kalten Winter gut \u00fcberstehen sollen und um im Fr\u00fchjahr in besonderer Sch\u00f6nheit neu zu erbl\u00fchen, immer gen\u00fcgend Wasser geben. Damit sind nicht nur die K\u00fcbelpflanzen gemeint, auch die im Garten gepflanzten Geh\u00f6lze k\u00f6nnen Wassergaben gebrauchen. Wobei man bei den Wassergaben keine Sorgen haben muss, dass sie Pflanzen Frost bekommen, h\u00f6chstens ungeeignete und nicht winterharte Pflanzgef\u00e4\u00dfe k\u00f6nnen Schaden nehmen.<\/p>\n\n\n\n<p>Besonders in diesem Winter ist es mal wieder sehr wichtig zu gie\u00dfen, das die letzten Jahre viel, viel zu trocken waren, um ein gutes und gesundes Leben zu gew\u00e4hrleisten.<\/p>\n\n\n\n<p>Ihr Gartenpartner<\/p>\n\n\n\n<p><\/p>\n\n\n\n<p><\/p>\n\n\n\n<p><\/p>\n\n\n\n<blockquote class=\"wp-block-quote is-layout-flow wp-block-quote-is-layout-flow\">\n<hr class=\"wp-block-separator has-alpha-channel-opacity\"\/>\n<\/blockquote>\n\n\n\n<div class=\"wp-block-columns is-layout-flex wp-container-core-columns-is-layout-1 wp-block-columns-is-layout-flex\">\n<div class=\"wp-block-column is-layout-flow wp-block-column-is-layout-flow\" style=\"flex-basis:100%\"><div class=\"wp-block-image\">\n<figure class=\"aligncenter size-full is-resized\"><img loading=\"lazy\" decoding=\"async\" src=\"http:\/\/gartenpartner.org\/wp-content\/uploads\/2022\/12\/C0493762-CD89-4507-A357-BF677AAE1386_1_201_a.jpeg\" alt=\"\" class=\"wp-image-419\" width=\"223\" height=\"297\" srcset=\"http:\/\/gartenpartner.org\/wp-content\/uploads\/2022\/12\/C0493762-CD89-4507-A357-BF677AAE1386_1_201_a.jpeg 524w, http:\/\/gartenpartner.org\/wp-content\/uploads\/2022\/12\/C0493762-CD89-4507-A357-BF677AAE1386_1_201_a-225x300.jpeg 225w\" sizes=\"(max-width: 223px) 100vw, 223px\" \/><\/figure><\/div><\/div>\n<\/div>\n\n\n\n<hr class=\"wp-block-separator has-alpha-channel-opacity\"\/>\n\n\n\n<p><strong>Dezember 2022: Weihnachtsbaum in Container<\/strong><\/p>\n\n\n\n<p><\/p>\n\n\n\n<p>Zu Weihnachten werden Weihnachtsb\u00e4ume im Container immer beliebter &#8211; zumal oft der Eindruck vermittelt wird, das B\u00e4umchen k\u00f6nne nach Weihnachten zur\u00fcck in die Natur gegeben werden und dann dort weiterwachsen.<br>In der Tat ist das m\u00f6glich &#8211; aber damit das auch klappt, m\u00fcssen verschiedene Dinge beachtet werden:<\/p>\n\n\n\n<p><br><strong>1. Das richtige B\u00e4umchen kaufen<\/strong><\/p>\n\n\n\n<p>Es sollte entweder bereits im Container gro\u00df geworden sein oder &#8211; mit vielen Wurzeln &#8211; in den Container umgesetzt worden sein. Das Wichtige ist halt: Das B\u00e4umchen braucht Wurzeln. Manche Weihnachtsb\u00e4ume wurden dagegen letztlich wurzelbefreit abgehackt und in einen Container gepresst: Das wird dann nat\u00fcrlich nichts mit dem sp\u00e4teren Anwachsen.<\/p>\n\n\n\n<p><br><strong>2. Wenn \u201edas richtige B\u00e4umchen\u201c eingekauft wurde<\/strong><\/p>\n\n\n\n<p>Man muss ihm \u00fcber die anstrengende Zeit als Zimmer-T\u00e4nnchen helfen: Das bedeutet, man muss den Wurzelballen immer gut feucht aber nicht nass halten und die Nadeln hin und wieder bespr\u00fchen, um dem trockenen Raumklima entgegenzuwirken. <\/p>\n\n\n\n<p><br><strong>3. Wenn Weihnachten vorbei ist, wohin mit dem wurzelstarken B\u00e4umchen?<\/strong><\/p>\n\n\n\n<p>Den Baum nicht sofort in den Garten pflanzen, sondern zuerst auf die Terrasse oder den Balkon stellen, weiterhin feucht halten und erst nach der gro\u00dfen K\u00e4lzezeit (ab M\u00e4rz\/April) nach drau\u00dfen,  z.B. in den eigenen Garten pflanzen. Wer kenne eigenen Garten hat, kann Freunde oder Nachbarn fragen. Einfach in den n\u00e4chsten Park oder Wald eingraben ist nat\u00fcrlich nicht erlaubt, allerdings nehmen manche Botanische G\u00e4rten &#8211; vorher anfragen! &#8211; B\u00e4ume entgegen. <\/p>\n\n\n\n<p>Auch gibt es die M\u00f6glichkeit an Pflanzaktionen wie z.B.: <a href=\"https:\/\/gonature.de\/projekte\/baumpflanzaktionen-bei-deutschland-forstet-auf\">https:\/\/gonature.de\/projekte\/baumpflanzaktionen-bei-deutschland-forstet-auf<\/a> teilzunehmen.<\/p>\n\n\n\n<p><\/p>\n\n\n\n<figure class=\"wp-block-gallery has-nested-images columns-default is-cropped wp-block-gallery-2 is-layout-flex wp-block-gallery-is-layout-flex\">\n<figure class=\"wp-block-image size-full is-style-default wp-duotone-unset-1\"><img loading=\"lazy\" decoding=\"async\" width=\"768\" height=\"1024\" data-id=\"423\" src=\"http:\/\/gartenpartner.org\/wp-content\/uploads\/2022\/12\/F7982797-F821-4CC2-A100-9BC13DF85298_1_201_a-1.jpeg\" alt=\"\" class=\"wp-image-423\" srcset=\"http:\/\/gartenpartner.org\/wp-content\/uploads\/2022\/12\/F7982797-F821-4CC2-A100-9BC13DF85298_1_201_a-1.jpeg 768w, http:\/\/gartenpartner.org\/wp-content\/uploads\/2022\/12\/F7982797-F821-4CC2-A100-9BC13DF85298_1_201_a-1-225x300.jpeg 225w\" sizes=\"(max-width: 706px) 89vw, (max-width: 767px) 82vw, 740px\" \/><\/figure>\n<\/figure>\n","protected":false},"excerpt":{"rendered":"<p>Hier gibt es ab sofort wertvolle und praxisnahe Tipps f\u00fcr Garten und Terrasse vom Meister f\u00fcr Garten- und Landschaftsbau Michael von Groddeck Auch im Winter ben\u00f6tigen immergr\u00fcne Pflanzen Wasser, da diese auch in der kalten Jahreszeit Stoffwechsel haben. Diese Assimilation ben\u00f6tigt Wasser &#8211; und das eben auch im Winter. Habe sie es nicht ausreichend zu &hellip; <\/p>\n<p class=\"link-more\"><a href=\"http:\/\/gartenpartner.org\/index.php\/gartentipps\/\" class=\"more-link\">Continue reading<span class=\"screen-reader-text\"> &#8220;Gartentipps vom Gartenpartner&#8221;<\/span><\/a><\/p>\n","protected":false},"author":1,"featured_media":0,"parent":0,"menu_order":0,"comment_status":"closed","ping_status":"closed","template":"","meta":{"footnotes":""},"_links":{"self":[{"href":"http:\/\/gartenpartner.org\/index.php\/wp-json\/wp\/v2\/pages\/399"}],"collection":[{"href":"http:\/\/gartenpartner.org\/index.php\/wp-json\/wp\/v2\/pages"}],"about":[{"href":"http:\/\/gartenpartner.org\/index.php\/wp-json\/wp\/v2\/types\/page"}],"author":[{"embeddable":true,"href":"http:\/\/gartenpartner.org\/index.php\/wp-json\/wp\/v2\/users\/1"}],"replies":[{"embeddable":true,"href":"http:\/\/gartenpartner.org\/index.php\/wp-json\/wp\/v2\/comments?post=399"}],"version-history":[{"count":10,"href":"http:\/\/gartenpartner.org\/index.php\/wp-json\/wp\/v2\/pages\/399\/revisions"}],"predecessor-version":[{"id":435,"href":"http:\/\/gartenpartner.org\/index.php\/wp-json\/wp\/v2\/pages\/399\/revisions\/435"}],"wp:attachment":[{"href":"http:\/\/gartenpartner.org\/index.php\/wp-json\/wp\/v2\/media?parent=399"}],"curies":[{"name":"wp","href":"https:\/\/api.w.org\/{rel}","templated":true}]}}