{"id":143,"date":"2018-10-10T07:49:30","date_gmt":"2018-10-10T07:49:30","guid":{"rendered":"http:\/\/gartenpartner.org\/?page_id=143"},"modified":"2018-10-20T15:34:33","modified_gmt":"2018-10-20T15:34:33","slug":"leistungen","status":"publish","type":"page","link":"http:\/\/gartenpartner.org\/index.php\/leistungen\/","title":{"rendered":"Leistungen"},"content":{"rendered":"<p><img loading=\"lazy\" decoding=\"async\" class=\"alignleft size-thumbnail wp-image-97\" src=\"http:\/\/gartenpartner.org\/wp-content\/uploads\/2018\/10\/Logo-Groddeck-2-150x150.jpg\" alt=\"\" width=\"150\" height=\"150\" srcset=\"http:\/\/gartenpartner.org\/wp-content\/uploads\/2018\/10\/Logo-Groddeck-2-150x150.jpg 150w, http:\/\/gartenpartner.org\/wp-content\/uploads\/2018\/10\/Logo-Groddeck-2-300x300.jpg 300w, http:\/\/gartenpartner.org\/wp-content\/uploads\/2018\/10\/Logo-Groddeck-2-768x768.jpg 768w, http:\/\/gartenpartner.org\/wp-content\/uploads\/2018\/10\/Logo-Groddeck-2-1024x1024.jpg 1024w, http:\/\/gartenpartner.org\/wp-content\/uploads\/2018\/10\/Logo-Groddeck-2-100x100.jpg 100w\" sizes=\"(max-width: 150px) 100vw, 150px\" \/><\/p>\n<h3>Ich helfe Ihnen bei allem was f\u00fcr die Gestaltung Ihres Gartens wichtig ist\u2026<\/h3>\n<ul>\n<li>Ihre guten Ideen mit meiner Unterst\u00fctzung von Ihnen fachgerecht umgesetzt<\/li>\n<li>Sie gestalten Ihren Garten individuell wie ein Profi<\/li>\n<li>Ihr Grundst\u00fcck ansehen und \u00fcber die Gestaltung sprechen<\/li>\n<li>Ideen sammeln und in die Planung einbeziehen<\/li>\n<li>eine Skizze, Entwurfszeichnung oder einen ganzen Ausf\u00fchrungsplan erstellen<\/li>\n<li>Vor- und Nachteile von Materialien er\u00f6rtern<\/li>\n<li>\u00fcber Kosten reden, durchrechnen und vergleichen<\/li>\n<li>Kosten sparen durch aufeinander abgestimmte Arbeitsabl\u00e4ufe<\/li>\n<li>Arbeitsvereinfachung durch koordinierte Maschineneins\u00e4tze<\/li>\n<li>standortgerechte Pflanzenauswahl<\/li>\n<li>Materialauswahl nach Ihren W\u00fcnschen<\/li>\n<li>Bew\u00e4sserung und Beleuchtung<\/li>\n<li>Installation Ihres automatischen Rasenm\u00e4hers<\/li>\n<li>Bew\u00e4sserungs- und Pflegeplan erstellen<\/li>\n<li>alles wird nach Absprache mit mir St\u00fcck f\u00fcr St\u00fcck durchgef\u00fchrt<\/li>\n<\/ul>\n<p>und so manches mehr &#8230;<\/p>\n<p>Ihre Gartengestaltung in guten H\u00e4nden.<\/p>\n<p>&nbsp;<\/p>\n<p style=\"text-align: center;\"><strong>mein Aktionsradius:<\/strong><\/p>\n<p><img loading=\"lazy\" decoding=\"async\" class=\"alignleft size-full wp-image-209\" src=\"http:\/\/gartenpartner.org\/wp-content\/uploads\/2018\/10\/Aktionsradius.png\" alt=\"\" width=\"872\" height=\"847\" srcset=\"http:\/\/gartenpartner.org\/wp-content\/uploads\/2018\/10\/Aktionsradius.png 872w, http:\/\/gartenpartner.org\/wp-content\/uploads\/2018\/10\/Aktionsradius-300x291.png 300w, http:\/\/gartenpartner.org\/wp-content\/uploads\/2018\/10\/Aktionsradius-768x746.png 768w\" sizes=\"(max-width: 706px) 89vw, (max-width: 767px) 82vw, 740px\" \/><\/p>\n<p>&nbsp;<\/p>\n","protected":false},"excerpt":{"rendered":"<p>Ich helfe Ihnen bei allem was f\u00fcr die Gestaltung Ihres Gartens wichtig ist\u2026 Ihre guten Ideen mit meiner Unterst\u00fctzung von Ihnen fachgerecht umgesetzt Sie gestalten Ihren Garten individuell wie ein Profi Ihr Grundst\u00fcck ansehen und \u00fcber die Gestaltung sprechen Ideen sammeln und in die Planung einbeziehen eine Skizze, Entwurfszeichnung oder einen ganzen Ausf\u00fchrungsplan erstellen Vor- &hellip; <\/p>\n<p class=\"link-more\"><a href=\"http:\/\/gartenpartner.org\/index.php\/leistungen\/\" class=\"more-link\">Continue reading<span class=\"screen-reader-text\"> &#8220;Leistungen&#8221;<\/span><\/a><\/p>\n","protected":false},"author":1,"featured_media":0,"parent":0,"menu_order":0,"comment_status":"closed","ping_status":"closed","template":"","meta":{"footnotes":""},"_links":{"self":[{"href":"http:\/\/gartenpartner.org\/index.php\/wp-json\/wp\/v2\/pages\/143"}],"collection":[{"href":"http:\/\/gartenpartner.org\/index.php\/wp-json\/wp\/v2\/pages"}],"about":[{"href":"http:\/\/gartenpartner.org\/index.php\/wp-json\/wp\/v2\/types\/page"}],"author":[{"embeddable":true,"href":"http:\/\/gartenpartner.org\/index.php\/wp-json\/wp\/v2\/users\/1"}],"replies":[{"embeddable":true,"href":"http:\/\/gartenpartner.org\/index.php\/wp-json\/wp\/v2\/comments?post=143"}],"version-history":[{"count":11,"href":"http:\/\/gartenpartner.org\/index.php\/wp-json\/wp\/v2\/pages\/143\/revisions"}],"predecessor-version":[{"id":363,"href":"http:\/\/gartenpartner.org\/index.php\/wp-json\/wp\/v2\/pages\/143\/revisions\/363"}],"wp:attachment":[{"href":"http:\/\/gartenpartner.org\/index.php\/wp-json\/wp\/v2\/media?parent=143"}],"curies":[{"name":"wp","href":"https:\/\/api.w.org\/{rel}","templated":true}]}}